{"id":2,"date":"2013-11-06T11:55:36","date_gmt":"2013-11-06T11:55:36","guid":{"rendered":"https:\/\/rm000570.ferozo.com\/isabel\/?page_id=2"},"modified":"2020-06-23T17:35:54","modified_gmt":"2020-06-23T17:35:54","slug":"pagina-ejemplo","status":"publish","type":"page","link":"https:\/\/www.isabelganuza.com.ar\/isabel\/","title":{"rendered":"P\u00e1gina de ejemplo"},"content":{"rendered":"<p>Asesoramientos Inform\u00e1ticos tendientes a lograr la satisfacci\u00f3n del cliente en sus requerimientos de informaci\u00f3n.<\/p>\n<p>Teniendo como objetivo:<\/p>\n<ul>\n<li>Conseguir una fluida comunicaci\u00f3n interna y una excelente imagen externa de su empresa.<\/li>\n<li>Generar bienestar y ahorro de tiempo en cada una de las personas involucradas en el proceso de decisi\u00f3n y en el an\u00e1lisis de informaci\u00f3n.<\/li>\n<li>Mantener al cliente actualizado y capacitado acerca de las nuevas tecnolog\u00edas que van incorpor\u00e1ndose al mundo de los negocios.<\/li>\n<\/ul>\n","protected":false},"excerpt":{"rendered":"<p>Asesoramientos Inform\u00e1ticos tendientes a lograr la satisfacci\u00f3n del cliente en sus requerimientos de informaci\u00f3n. Teniendo como objetivo: Conseguir una fluida comunicaci\u00f3n interna y una excelente imagen externa de su empresa. Generar bienestar y ahorro de tiempo en cada una de las personas involucradas en el proceso de decisi\u00f3n y en el an\u00e1lisis de informaci\u00f3n. Mantener [&hellip;]<\/p>\n","protected":false},"author":2,"featured_media":0,"parent":0,"menu_order":0,"comment_status":"open","ping_status":"open","template":"","meta":{"_acf_changed":false,"_joinchat":[],"footnotes":""},"class_list":["post-2","page","type-page","status-publish","czr-hentry"],"acf":[],"_links":{"self":[{"href":"https:\/\/www.isabelganuza.com.ar\/isabel\/wp-json\/wp\/v2\/pages\/2","targetHints":{"allow":["GET"]}}],"collection":[{"href":"https:\/\/www.isabelganuza.com.ar\/isabel\/wp-json\/wp\/v2\/pages"}],"about":[{"href":"https:\/\/www.isabelganuza.com.ar\/isabel\/wp-json\/wp\/v2\/types\/page"}],"author":[{"embeddable":true,"href":"https:\/\/www.isabelganuza.com.ar\/isabel\/wp-json\/wp\/v2\/users\/2"}],"replies":[{"embeddable":true,"href":"https:\/\/www.isabelganuza.com.ar\/isabel\/wp-json\/wp\/v2\/comments?post=2"}],"version-history":[{"count":6,"href":"https:\/\/www.isabelganuza.com.ar\/isabel\/wp-json\/wp\/v2\/pages\/2\/revisions"}],"predecessor-version":[{"id":64,"href":"https:\/\/www.isabelganuza.com.ar\/isabel\/wp-json\/wp\/v2\/pages\/2\/revisions\/64"}],"wp:attachment":[{"href":"https:\/\/www.isabelganuza.com.ar\/isabel\/wp-json\/wp\/v2\/media?parent=2"}],"curies":[{"name":"wp","href":"https:\/\/api.w.org\/{rel}","templated":true}]}}